{"id":43,"date":"2024-10-18T11:26:36","date_gmt":"2024-10-18T09:26:36","guid":{"rendered":"https:\/\/basance.com\/panier\/"},"modified":"2024-11-26T14:17:14","modified_gmt":"2024-11-26T13:17:14","slug":"panier","status":"publish","type":"page","link":"https:\/\/basance.com\/en\/panier\/","title":{"rendered":"Panier"},"content":{"rendered":"<div data-block-name=\"woocommerce\/cart\" class=\"wp-block-woocommerce-cart alignwide is-loading\">\n<div data-block-name=\"woocommerce\/filled-cart-block\" class=\"wp-block-woocommerce-filled-cart-block\">\n<div data-block-name=\"woocommerce\/cart-items-block\" class=\"wp-block-woocommerce-cart-items-block\">\n<div data-block-name=\"woocommerce\/cart-line-items-block\" class=\"wp-block-woocommerce-cart-line-items-block\"><\/div>\n\n\n\n<div data-block-name=\"woocommerce\/cart-cross-sells-block\" class=\"wp-block-woocommerce-cart-cross-sells-block\">\n<h2 class=\"wp-block-heading has-large-font-size\">\u00c7a peut vous int\u00e9resser&#8230;<\/h2>\n\n\n\n<div data-block-name=\"woocommerce\/cart-cross-sells-products-block\" class=\"wp-block-woocommerce-cart-cross-sells-products-block\"><\/div>\n<\/div>\n<\/div>\n\n\n\n<div data-block-name=\"woocommerce\/cart-totals-block\" class=\"wp-block-woocommerce-cart-totals-block\">\n<div data-block-name=\"woocommerce\/cart-order-summary-block\" class=\"wp-block-woocommerce-cart-order-summary-block\">\n<div data-block-name=\"woocommerce\/cart-order-summary-heading-block\" class=\"wp-block-woocommerce-cart-order-summary-heading-block\"><\/div><div data-block-name=\"woocommerce\/cart-order-summary-coupon-form-block\" class=\"wp-block-woocommerce-cart-order-summary-coupon-form-block\"><\/div><div data-block-name=\"woocommerce\/cart-order-summary-totals-block\" class=\"wp-block-woocommerce-cart-order-summary-totals-block\">\n<div data-block-name=\"woocommerce\/cart-order-summary-subtotal-block\" class=\"wp-block-woocommerce-cart-order-summary-subtotal-block\"><\/div>\n<div data-block-name=\"woocommerce\/cart-order-summary-discount-block\" class=\"wp-block-woocommerce-cart-order-summary-discount-block\"><\/div>\n<div data-block-name=\"woocommerce\/cart-order-summary-fee-block\" class=\"wp-block-woocommerce-cart-order-summary-fee-block\"><\/div>\n<div data-block-name=\"woocommerce\/cart-order-summary-shipping-block\" class=\"wp-block-woocommerce-cart-order-summary-shipping-block\"><\/div>\n<div data-block-name=\"woocommerce\/cart-order-summary-taxes-block\" class=\"wp-block-woocommerce-cart-order-summary-taxes-block\"><\/div><\/div>\n<\/div>\n\n\n\n<div data-block-name=\"woocommerce\/cart-express-payment-block\" class=\"wp-block-woocommerce-cart-express-payment-block\"><\/div>\n\n\n\n<div data-block-name=\"woocommerce\/proceed-to-checkout-block\" class=\"wp-block-woocommerce-proceed-to-checkout-block\"><\/div>\n\n\n\n<div data-block-name=\"woocommerce\/cart-accepted-payment-methods-block\" class=\"wp-block-woocommerce-cart-accepted-payment-methods-block\"><\/div>\n<\/div>\n<\/div>\n\n\n\n<div data-block-name=\"woocommerce\/empty-cart-block\" class=\"wp-block-woocommerce-empty-cart-block\">\n<h2 class=\"wp-block-heading has-text-align-center with-empty-cart-icon wc-block-cart__empty-cart__title\">Votre panier est actuellement vide\u00a0!<\/h2>\n\n\n\n<hr class=\"wp-block-separator has-alpha-channel-opacity is-style-dots\"\/>\n\n\n\n<h2 class=\"wp-block-heading has-text-align-center\">Nouveau dans la boutique<\/h2>\n\n\n<div data-block-name=\"woocommerce\/product-new\" data-columns=\"4\" data-rows=\"1\" class=\"wc-block-grid wp-block-product-new wp-block-woocommerce-product-new wc-block-product-new has-4-columns\"><ul class=\"wc-block-grid__products\"><li class=\"wc-block-grid__product entry loop-entry content-bg woo-archive-action-on-hover woo-archive-btn-text product-loop-boxed woo-archive-image-hover-fade\"><a href=\"https:\/\/basance.com\/en\/product\/la-sacoche-jeans-quotidien\/\" class=\"wc-block-grid__product-link woocommerce-loop-image-link woocommerce-LoopProduct-link woocommerce-loop-product__link product-has-hover-image\">\n\t\t\t\t\t<img loading=\"lazy\" decoding=\"async\" width=\"300\" height=\"400\" src=\"https:\/\/basance.com\/wp-content\/uploads\/2026\/04\/Sacoche-en-jeans-noir-vue-du-haut-fermeture-eclair-ouverte-300x400.jpg\" class=\"attachment-woocommerce_thumbnail size-woocommerce_thumbnail\" alt=\"Vue de dessus et du haut ouvert de la sacoche en denim gris fonc\u00e9, de style upcycl\u00e9, pos\u00e9e \u00e0 plat sur un plan de travail en bois clair. On la voit du haut, on y voit la fermeture \u00e9clair ouverte qui laisse entrevoir la doublure \u00e0 motifs color\u00e9s. Une bandouli\u00e8re noire r\u00e9glable est fix\u00e9e sur les c\u00f4t\u00e9s de la sacoche en haut par des anneaux m\u00e9talliques en D.\" srcset=\"https:\/\/basance.com\/wp-content\/uploads\/2026\/04\/Sacoche-en-jeans-noir-vue-du-haut-fermeture-eclair-ouverte-300x400.jpg 300w, https:\/\/basance.com\/wp-content\/uploads\/2026\/04\/Sacoche-en-jeans-noir-vue-du-haut-fermeture-eclair-ouverte-225x300.jpg 225w, https:\/\/basance.com\/wp-content\/uploads\/2026\/04\/Sacoche-en-jeans-noir-vue-du-haut-fermeture-eclair-ouverte-768x1024.jpg 768w, https:\/\/basance.com\/wp-content\/uploads\/2026\/04\/Sacoche-en-jeans-noir-vue-du-haut-fermeture-eclair-ouverte-1152x1536.jpg 1152w, https:\/\/basance.com\/wp-content\/uploads\/2026\/04\/Sacoche-en-jeans-noir-vue-du-haut-fermeture-eclair-ouverte-1536x2048.jpg 1536w, https:\/\/basance.com\/wp-content\/uploads\/2026\/04\/Sacoche-en-jeans-noir-vue-du-haut-fermeture-eclair-ouverte-9x12.jpg 9w, https:\/\/basance.com\/wp-content\/uploads\/2026\/04\/Sacoche-en-jeans-noir-vue-du-haut-fermeture-eclair-ouverte-600x800.jpg 600w, https:\/\/basance.com\/wp-content\/uploads\/2026\/04\/Sacoche-en-jeans-noir-vue-du-haut-fermeture-eclair-ouverte-scaled.jpg 1920w\" sizes=\"auto, (max-width: 300px) 100vw, 300px\" \/>\n\t\t\t\t\t<img loading=\"lazy\" decoding=\"async\" width=\"300\" height=\"400\" src=\"https:\/\/basance.com\/wp-content\/uploads\/2026\/04\/Sacoche-en-jeans-noir-de-face-scaled-e1776234990410-300x400.jpg\" class=\"secondary-product-image attachment-woocommerce_thumbnail attachment-shop-catalog wp-post-image wp-post-image--secondary\" alt=\"Vue de dessus d&#039;une sacoche rectangulaire en denim gris fonc\u00e9, de style upcycl\u00e9, pos\u00e9e \u00e0 plat sur un plan de travail en bois clair. On la voit de face, au tiers sup\u00e9rieur on y voit un \u00e9cusson rond marqu\u00e9 au fer chaud du logo de Basance. Une bandouli\u00e8re noire r\u00e9glable est fix\u00e9e sur les c\u00f4t\u00e9s de la sacoche en haut par des anneaux m\u00e9talliques en D.\" srcset=\"https:\/\/basance.com\/wp-content\/uploads\/2026\/04\/Sacoche-en-jeans-noir-de-face-scaled-e1776234990410-300x400.jpg 300w, https:\/\/basance.com\/wp-content\/uploads\/2026\/04\/Sacoche-en-jeans-noir-de-face-scaled-e1776234990410-225x300.jpg 225w, https:\/\/basance.com\/wp-content\/uploads\/2026\/04\/Sacoche-en-jeans-noir-de-face-scaled-e1776234990410-768x1024.jpg 768w, https:\/\/basance.com\/wp-content\/uploads\/2026\/04\/Sacoche-en-jeans-noir-de-face-scaled-e1776234990410-1152x1536.jpg 1152w, https:\/\/basance.com\/wp-content\/uploads\/2026\/04\/Sacoche-en-jeans-noir-de-face-scaled-e1776234990410-1536x2048.jpg 1536w, https:\/\/basance.com\/wp-content\/uploads\/2026\/04\/Sacoche-en-jeans-noir-de-face-scaled-e1776234990410-9x12.jpg 9w, https:\/\/basance.com\/wp-content\/uploads\/2026\/04\/Sacoche-en-jeans-noir-de-face-scaled-e1776234990410-600x800.jpg 600w, https:\/\/basance.com\/wp-content\/uploads\/2026\/04\/Sacoche-en-jeans-noir-de-face-scaled-e1776234990410.jpg 1920w\" sizes=\"auto, (max-width: 300px) 100vw, 300px\" \/>\n\t\t\t\t<\/a>\n\t\t\t\t<div class=\"product-details content-bg entry-content-wrap\">\n\t\t\t\t\t<a href=\"https:\/\/basance.com\/en\/product\/la-sacoche-jeans-quotidien\/\" class=\"wc-block-grid__product-title-link\">\n\t\t\t\t\t\t<div class=\"wc-block-grid__product-title\">La Sacoche Jeans \u00ab\u00a0Quotidien\u00a0\u00bb<\/div>\n\t\t\t\t\t<\/a>\n\t\t\t\t\t\n\t\t\t\t\t<div class=\"wc-block-grid__product-price price\"><\/div>\n\t\t\t\t\t<div class=\"wp-block-button wc-block-grid__product-add-to-cart\"><a href=\"https:\/\/basance.com\/en\/product\/la-sacoche-jeans-quotidien\/\" aria-label=\"Select options for \u201cLa Sacoche Jeans &quot;Quotidien&quot;\u201d\" data-quantity=\"1\" data-product_id=\"3679\" data-product_sku=\"\" rel=\"nofollow\" class=\"wp-block-button__link add_to_cart_button\" data-no-translation-aria-label=\"\">Read more<span class=\"kadence-svg-iconset svg-baseline\"><svg aria-hidden=\"true\" class=\"kadence-svg-icon kadence-arrow-right-alt-svg\" fill=\"currentColor\" version=\"1.1\" xmlns=\"http:\/\/www.w3.org\/2000\/svg\" width=\"27\" height=\"28\" viewbox=\"0 0 27 28\"><title>Continue<\/title><path d=\"M27 13.953c0 0.141-0.063 0.281-0.156 0.375l-6 5.531c-0.156 0.141-0.359 0.172-0.547 0.094-0.172-0.078-0.297-0.25-0.297-0.453v-3.5h-19.5c-0.281 0-0.5-0.219-0.5-0.5v-3c0-0.281 0.219-0.5 0.5-0.5h19.5v-3.5c0-0.203 0.109-0.375 0.297-0.453s0.391-0.047 0.547 0.078l6 5.469c0.094 0.094 0.156 0.219 0.156 0.359v0z\"><\/path>\n\t\t\t\t<\/svg><\/span><span class=\"kadence-svg-iconset svg-baseline\"><svg class=\"kadence-svg-icon kadence-spinner-svg\" fill=\"currentColor\" version=\"1.1\" xmlns=\"http:\/\/www.w3.org\/2000\/svg\" width=\"16\" height=\"16\" viewbox=\"0 0 16 16\"><title>Loading<\/title><path d=\"M16 6h-6l2.243-2.243c-1.133-1.133-2.64-1.757-4.243-1.757s-3.109 0.624-4.243 1.757c-1.133 1.133-1.757 2.64-1.757 4.243s0.624 3.109 1.757 4.243c1.133 1.133 2.64 1.757 4.243 1.757s3.109-0.624 4.243-1.757c0.095-0.095 0.185-0.192 0.273-0.292l1.505 1.317c-1.466 1.674-3.62 2.732-6.020 2.732-4.418 0-8-3.582-8-8s3.582-8 8-8c2.209 0 4.209 0.896 5.656 2.344l2.343-2.344v6z\"><\/path>\n\t\t\t\t<\/svg><\/span><span class=\"kadence-svg-iconset svg-baseline\"><svg class=\"kadence-svg-icon kadence-check-svg\" fill=\"currentColor\" version=\"1.1\" xmlns=\"http:\/\/www.w3.org\/2000\/svg\" width=\"16\" height=\"16\" viewbox=\"0 0 16 16\"><title>Done<\/title><path d=\"M14 2.5l-8.5 8.5-3.5-3.5-1.5 1.5 5 5 10-10z\"><\/path>\n\t\t\t\t<\/svg><\/span><\/a><\/div>\n\t\t\t\t<\/div>\n\t\t\t<\/li><li class=\"wc-block-grid__product entry loop-entry content-bg woo-archive-action-on-hover woo-archive-btn-text product-loop-boxed woo-archive-image-hover-fade\"><a href=\"https:\/\/basance.com\/en\/product\/sacoche-personnalisable-ideale-pour-canne-pliante\/\" class=\"wc-block-grid__product-link woocommerce-loop-image-link woocommerce-LoopProduct-link woocommerce-loop-product__link product-has-hover-image\">\n\t\t\t\t\t<img loading=\"lazy\" decoding=\"async\" width=\"300\" height=\"375\" src=\"https:\/\/basance.com\/wp-content\/uploads\/2024\/11\/Image-de-presentation-avec-plusieurs-sacoches-ouvertes-300x375.png\" class=\"attachment-woocommerce_thumbnail size-woocommerce_thumbnail\" alt=\"3 sacoches en simili cuir noir ouvertes avec exemples diff\u00e9rents de motifs de doublure (multicolore, rouge et bleu).\" srcset=\"https:\/\/basance.com\/wp-content\/uploads\/2024\/11\/Image-de-presentation-avec-plusieurs-sacoches-ouvertes-300x375.png 300w, https:\/\/basance.com\/wp-content\/uploads\/2024\/11\/Image-de-presentation-avec-plusieurs-sacoches-ouvertes-240x300.png 240w, https:\/\/basance.com\/wp-content\/uploads\/2024\/11\/Image-de-presentation-avec-plusieurs-sacoches-ouvertes-819x1024.png 819w, https:\/\/basance.com\/wp-content\/uploads\/2024\/11\/Image-de-presentation-avec-plusieurs-sacoches-ouvertes-768x960.png 768w, https:\/\/basance.com\/wp-content\/uploads\/2024\/11\/Image-de-presentation-avec-plusieurs-sacoches-ouvertes-10x12.png 10w, https:\/\/basance.com\/wp-content\/uploads\/2024\/11\/Image-de-presentation-avec-plusieurs-sacoches-ouvertes-600x750.png 600w, https:\/\/basance.com\/wp-content\/uploads\/2024\/11\/Image-de-presentation-avec-plusieurs-sacoches-ouvertes.png 1080w\" sizes=\"auto, (max-width: 300px) 100vw, 300px\" \/>\n\t\t\t\t\t<img loading=\"lazy\" decoding=\"async\" width=\"300\" height=\"375\" src=\"https:\/\/basance.com\/wp-content\/uploads\/2024\/11\/Sacoche-noire-ouverte-avec-canne-blanche-a-moitie-entree-300x375.png\" class=\"secondary-product-image attachment-woocommerce_thumbnail attachment-shop-catalog wp-post-image wp-post-image--secondary\" alt=\"Sacoche en simili cuir noir ouverte avec une bandouli\u00e8re noire et des pi\u00e8ces m\u00e9talliques argent\u00e9es. On voit la doublure en coton enduit aux motifs d&#039;\u00e9ventails bleus et blancs au niveau de l&#039;int\u00e9rieur du rabas et au niveau de la poche int\u00e9rieure. Il y a une canne blanche \u00e0 moiti\u00e9 ins\u00e9r\u00e9e dans la sacoche (boule vers le bas).\" srcset=\"https:\/\/basance.com\/wp-content\/uploads\/2024\/11\/Sacoche-noire-ouverte-avec-canne-blanche-a-moitie-entree-300x375.png 300w, https:\/\/basance.com\/wp-content\/uploads\/2024\/11\/Sacoche-noire-ouverte-avec-canne-blanche-a-moitie-entree-240x300.png 240w, https:\/\/basance.com\/wp-content\/uploads\/2024\/11\/Sacoche-noire-ouverte-avec-canne-blanche-a-moitie-entree-819x1024.png 819w, https:\/\/basance.com\/wp-content\/uploads\/2024\/11\/Sacoche-noire-ouverte-avec-canne-blanche-a-moitie-entree-768x960.png 768w, https:\/\/basance.com\/wp-content\/uploads\/2024\/11\/Sacoche-noire-ouverte-avec-canne-blanche-a-moitie-entree-10x12.png 10w, https:\/\/basance.com\/wp-content\/uploads\/2024\/11\/Sacoche-noire-ouverte-avec-canne-blanche-a-moitie-entree-600x750.png 600w, https:\/\/basance.com\/wp-content\/uploads\/2024\/11\/Sacoche-noire-ouverte-avec-canne-blanche-a-moitie-entree.png 1080w\" sizes=\"auto, (max-width: 300px) 100vw, 300px\" \/>\n\t\t\t\t<\/a>\n\t\t\t\t<div class=\"product-details content-bg entry-content-wrap\">\n\t\t\t\t\t<a href=\"https:\/\/basance.com\/en\/product\/sacoche-personnalisable-ideale-pour-canne-pliante\/\" class=\"wc-block-grid__product-title-link\">\n\t\t\t\t\t\t<div class=\"wc-block-grid__product-title\">La Sacoche \u00ab\u00a0Citadine\u00a0\u00bb en Simili-Cuir<\/div>\n\t\t\t\t\t<\/a>\n\t\t\t\t\t\n\t\t\t\t\t<div class=\"wc-block-grid__product-price price\"><span class=\"woocommerce-Price-amount amount\">95,00&nbsp;<span class=\"woocommerce-Price-currencySymbol\">&euro;<\/span><\/span><\/div>\n\t\t\t\t\t<div class=\"wp-block-button wc-block-grid__product-add-to-cart\"><a href=\"https:\/\/basance.com\/en\/product\/sacoche-personnalisable-ideale-pour-canne-pliante\/\" aria-label=\"Select options for \u201cLa Sacoche &quot;Citadine&quot; en Simili-Cuir\u201d\" data-quantity=\"1\" data-product_id=\"1505\" data-product_sku=\"\" rel=\"nofollow\" class=\"wp-block-button__link add_to_cart_button\" data-no-translation-aria-label=\"\">Select options<span class=\"kadence-svg-iconset svg-baseline\"><svg aria-hidden=\"true\" class=\"kadence-svg-icon kadence-arrow-right-alt-svg\" fill=\"currentColor\" version=\"1.1\" xmlns=\"http:\/\/www.w3.org\/2000\/svg\" width=\"27\" height=\"28\" viewbox=\"0 0 27 28\"><title>Continue<\/title><path d=\"M27 13.953c0 0.141-0.063 0.281-0.156 0.375l-6 5.531c-0.156 0.141-0.359 0.172-0.547 0.094-0.172-0.078-0.297-0.25-0.297-0.453v-3.5h-19.5c-0.281 0-0.5-0.219-0.5-0.5v-3c0-0.281 0.219-0.5 0.5-0.5h19.5v-3.5c0-0.203 0.109-0.375 0.297-0.453s0.391-0.047 0.547 0.078l6 5.469c0.094 0.094 0.156 0.219 0.156 0.359v0z\"><\/path>\n\t\t\t\t<\/svg><\/span><span class=\"kadence-svg-iconset svg-baseline\"><svg class=\"kadence-svg-icon kadence-spinner-svg\" fill=\"currentColor\" version=\"1.1\" xmlns=\"http:\/\/www.w3.org\/2000\/svg\" width=\"16\" height=\"16\" viewbox=\"0 0 16 16\"><title>Loading<\/title><path d=\"M16 6h-6l2.243-2.243c-1.133-1.133-2.64-1.757-4.243-1.757s-3.109 0.624-4.243 1.757c-1.133 1.133-1.757 2.64-1.757 4.243s0.624 3.109 1.757 4.243c1.133 1.133 2.64 1.757 4.243 1.757s3.109-0.624 4.243-1.757c0.095-0.095 0.185-0.192 0.273-0.292l1.505 1.317c-1.466 1.674-3.62 2.732-6.020 2.732-4.418 0-8-3.582-8-8s3.582-8 8-8c2.209 0 4.209 0.896 5.656 2.344l2.343-2.344v6z\"><\/path>\n\t\t\t\t<\/svg><\/span><span class=\"kadence-svg-iconset svg-baseline\"><svg class=\"kadence-svg-icon kadence-check-svg\" fill=\"currentColor\" version=\"1.1\" xmlns=\"http:\/\/www.w3.org\/2000\/svg\" width=\"16\" height=\"16\" viewbox=\"0 0 16 16\"><title>Done<\/title><path d=\"M14 2.5l-8.5 8.5-3.5-3.5-1.5 1.5 5 5 10-10z\"><\/path>\n\t\t\t\t<\/svg><\/span><\/a><\/div>\n\t\t\t\t<\/div>\n\t\t\t<\/li><\/ul><\/div><\/div>\n<\/div>","protected":false},"excerpt":{"rendered":"","protected":false},"author":1,"featured_media":0,"parent":0,"menu_order":0,"comment_status":"closed","ping_status":"closed","template":"","meta":{"_kadence_starter_templates_imported_post":false,"_kad_post_transparent":"","_kad_post_title":"","_kad_post_layout":"","_kad_post_sidebar_id":"","_kad_post_content_style":"","_kad_post_vertical_padding":"","_kad_post_feature":"","_kad_post_feature_position":"","_kad_post_header":false,"_kad_post_footer":false,"_kad_post_classname":"","footnotes":""},"class_list":["post-43","page","type-page","status-publish","hentry"],"_links":{"self":[{"href":"https:\/\/basance.com\/en\/wp-json\/wp\/v2\/pages\/43","targetHints":{"allow":["GET"]}}],"collection":[{"href":"https:\/\/basance.com\/en\/wp-json\/wp\/v2\/pages"}],"about":[{"href":"https:\/\/basance.com\/en\/wp-json\/wp\/v2\/types\/page"}],"author":[{"embeddable":true,"href":"https:\/\/basance.com\/en\/wp-json\/wp\/v2\/users\/1"}],"replies":[{"embeddable":true,"href":"https:\/\/basance.com\/en\/wp-json\/wp\/v2\/comments?post=43"}],"version-history":[{"count":1,"href":"https:\/\/basance.com\/en\/wp-json\/wp\/v2\/pages\/43\/revisions"}],"predecessor-version":[{"id":2733,"href":"https:\/\/basance.com\/en\/wp-json\/wp\/v2\/pages\/43\/revisions\/2733"}],"wp:attachment":[{"href":"https:\/\/basance.com\/en\/wp-json\/wp\/v2\/media?parent=43"}],"curies":[{"name":"wp","href":"https:\/\/api.w.org\/{rel}","templated":true}]}}