{"id":2583,"date":"2024-11-19T11:15:11","date_gmt":"2024-11-19T10:15:11","guid":{"rendered":"https:\/\/basance.com\/?page_id=2583"},"modified":"2026-02-05T10:30:06","modified_gmt":"2026-02-05T09:30:06","slug":"accueil-suivant-video-youtube","status":"publish","type":"page","link":"https:\/\/basance.com\/en\/","title":{"rendered":"Accueil suivant vid\u00e9o Youtube"},"content":{"rendered":"<style>.kb-row-layout-id2583_2a289c-0a > .kt-row-column-wrap{align-content:start;}:where(.kb-row-layout-id2583_2a289c-0a > .kt-row-column-wrap) > .wp-block-kadence-column{justify-content:start;}.kb-row-layout-id2583_2a289c-0a > .kt-row-column-wrap{column-gap:var(--global-kb-gap-md, 2rem);row-gap:var(--global-kb-gap-md, 2rem);padding-top:var(--global-kb-spacing-sm, 1.5rem);padding-bottom:var(--global-kb-spacing-sm, 1.5rem);grid-template-columns:minmax(0, 1fr);}.kb-row-layout-id2583_2a289c-0a > .kt-row-layout-overlay{opacity:0.30;}@media all and (max-width: 1024px){.kb-row-layout-id2583_2a289c-0a > .kt-row-column-wrap{grid-template-columns:minmax(0, 1fr);}}@media all and (max-width: 767px){.kb-row-layout-id2583_2a289c-0a > .kt-row-column-wrap{grid-template-columns:minmax(0, 1fr);}}<\/style><div class=\"kb-row-layout-wrap kb-row-layout-id2583_2a289c-0a alignnone wp-block-kadence-rowlayout\"><div class=\"kt-row-column-wrap kt-has-1-columns kt-row-layout-equal kt-tab-layout-inherit kt-mobile-layout-row kt-row-valign-top\">\n<style>.kadence-column2583_4662ed-61 > .kt-inside-inner-col,.kadence-column2583_4662ed-61 > .kt-inside-inner-col:before{border-top-left-radius:0px;border-top-right-radius:0px;border-bottom-right-radius:0px;border-bottom-left-radius:0px;}.kadence-column2583_4662ed-61 > .kt-inside-inner-col{column-gap:var(--global-kb-gap-sm, 1rem);}.kadence-column2583_4662ed-61 > .kt-inside-inner-col{flex-direction:column;}.kadence-column2583_4662ed-61 > .kt-inside-inner-col > .aligncenter{width:100%;}.kadence-column2583_4662ed-61 > .kt-inside-inner-col:before{opacity:0.3;}.kadence-column2583_4662ed-61{position:relative;}@media all and (max-width: 1024px){.kadence-column2583_4662ed-61 > .kt-inside-inner-col{flex-direction:column;justify-content:center;}}@media all and (max-width: 767px){.kadence-column2583_4662ed-61 > .kt-inside-inner-col{flex-direction:column;justify-content:center;}}<\/style>\n<div class=\"wp-block-kadence-column kadence-column2583_4662ed-61\"><div class=\"kt-inside-inner-col\">\n<div class=\"wp-block-group alignfull is-content-justification-center\" style=\"margin-top:0;margin-bottom:0;padding-top:calc( 0.5 * var(--wp--style--root--padding-right, var(--wp--custom--gap--horizontal)));padding-right:var(--wp--style--root--padding-right, var(--wp--custom--gap--horizontal));padding-bottom:calc( 0.5 * var(--wp--style--root--padding-right, var(--wp--custom--gap--horizontal)));padding-left:var(--wp--style--root--padding-left, var(--wp--custom--gap--horizontal))\"><div class=\"wp-block-group__inner-container is-layout-constrained wp-container-core-group-is-layout-b073b61b wp-block-group-is-layout-constrained\">\n<div style=\"height:calc( 0.25 * var(--wp--style--root--padding-right, var(--wp--custom--gap--horizontal)))\" aria-hidden=\"true\" class=\"wp-block-spacer\"><\/div>\n\n\n\n<div class=\"wp-block-cover alignfull is-light has-theme-palette-9-color has-text-color has-link-color wp-elements-ec2f937f88319e221b0cce00762b4f77\" style=\"margin-top:0;margin-bottom:0;padding-top:3%;padding-right:0%;padding-bottom:0%;padding-left:5%;min-height:470px;aspect-ratio:unset;\"><span aria-hidden=\"true\" class=\"wp-block-cover__background has-theme-palette-2-background-color has-background-dim-30 has-background-dim\"><\/span><div class=\"wp-block-cover__inner-container is-layout-flow wp-block-cover-is-layout-flow\">\n<h1 class=\"wp-block-heading has-theme-palette-3-color has-text-color has-link-color wp-elements-e19979226a9cbe7499abf68b83f7365d\">Cane bags<\/h1>\n\n\n\n<p class=\"has-theme-palette-3-color has-text-color has-link-color wp-elements-2b4ebac8bf1c66645371ca1531a0d7ea\">THE storage solution for white canes<\/p>\n\n\n\n<div class=\"wp-block-buttons is-layout-flex wp-block-buttons-is-layout-flex\" style=\"margin-top:var(--wp--preset--spacing--30);margin-bottom:var(--wp--preset--spacing--30)\">\n<div class=\"wp-block-button is-style-outline is-style-outline--1\"><a class=\"wp-block-button__link has-theme-palette-9-color has-theme-palette-1-background-color has-text-color has-background has-link-color has-border-color wp-element-button\" href=\"https:\/\/basance.com\/en\/sacoches\/\" style=\"border-color:var(--global-palette9);border-radius:31px\">Discover our solutions<\/a><\/div>\n<\/div>\n<\/div><\/div>\n\n\n\n<div style=\"height:calc( 0.25 * var(--wp--style--root--padding-right, var(--wp--custom--gap--horizontal)))\" aria-hidden=\"true\" class=\"wp-block-spacer\"><\/div>\n<\/div><\/div>\n<\/div><\/div>\n\n<\/div><\/div>\n\n<style>.kb-row-layout-id2583_4823b8-0a > .kt-row-column-wrap{align-content:start;}:where(.kb-row-layout-id2583_4823b8-0a > .kt-row-column-wrap) > .wp-block-kadence-column{justify-content:start;}.kb-row-layout-id2583_4823b8-0a > .kt-row-column-wrap{column-gap:var(--global-kb-gap-md, 2rem);row-gap:var(--global-kb-gap-md, 2rem);padding-top:var(--global-kb-spacing-sm, 1.5rem);padding-bottom:var(--global-kb-spacing-sm, 1.5rem);grid-template-columns:minmax(0, 1fr);}.kb-row-layout-id2583_4823b8-0a > .kt-row-layout-overlay{opacity:0.30;}@media all and (max-width: 1024px){.kb-row-layout-id2583_4823b8-0a > .kt-row-column-wrap{grid-template-columns:minmax(0, 1fr);}}@media all and (max-width: 767px){.kb-row-layout-id2583_4823b8-0a > .kt-row-column-wrap{grid-template-columns:minmax(0, 1fr);}.kb-row-layout-id2583_4823b8-0a > .kt-row-column-wrap > .wp-block-kadence-column:nth-child(1 of *:not(style)){order:1;}.kb-row-layout-id2583_4823b8-0a > .kt-row-column-wrap > .wp-block-kadence-column:nth-child(2 of *:not(style)){order:11;}.kb-row-layout-id2583_4823b8-0a > .kt-row-column-wrap > .wp-block-kadence-column:nth-child(3 of *:not(style)){order:21;}.kb-row-layout-id2583_4823b8-0a > .kt-row-column-wrap > .wp-block-kadence-column:nth-child(4 of *:not(style)){order:31;}}<\/style><div class=\"kb-row-layout-wrap kb-row-layout-id2583_4823b8-0a alignnone wp-block-kadence-rowlayout\"><div class=\"kt-row-column-wrap kt-has-1-columns kt-row-layout-equal kt-tab-layout-inherit kt-mobile-layout-row kt-row-valign-top\">\n<style>.kadence-column2583_7d6032-4b > .kt-inside-inner-col,.kadence-column2583_7d6032-4b > .kt-inside-inner-col:before{border-top-left-radius:0px;border-top-right-radius:0px;border-bottom-right-radius:0px;border-bottom-left-radius:0px;}.kadence-column2583_7d6032-4b > .kt-inside-inner-col{column-gap:var(--global-kb-gap-sm, 1rem);}.kadence-column2583_7d6032-4b > .kt-inside-inner-col{flex-direction:column;}.kadence-column2583_7d6032-4b > .kt-inside-inner-col > .aligncenter{width:100%;}.kadence-column2583_7d6032-4b > .kt-inside-inner-col:before{opacity:0.3;}.kadence-column2583_7d6032-4b{position:relative;}@media all and (max-width: 1024px){.kadence-column2583_7d6032-4b > .kt-inside-inner-col{flex-direction:column;justify-content:center;}}@media all and (max-width: 767px){.kadence-column2583_7d6032-4b > .kt-inside-inner-col{flex-direction:column;justify-content:center;}}<\/style>\n<div class=\"wp-block-kadence-column kadence-column2583_7d6032-4b\"><div class=\"kt-inside-inner-col\"><style>.kb-row-layout-id2583_be3dcd-f9 > .kt-row-column-wrap{align-content:start;}:where(.kb-row-layout-id2583_be3dcd-f9 > .kt-row-column-wrap) > .wp-block-kadence-column{justify-content:start;}.kb-row-layout-id2583_be3dcd-f9 > .kt-row-column-wrap{column-gap:var(--global-kb-gap-md, 2rem);row-gap:var(--global-kb-gap-md, 2rem);padding-top:var(--global-kb-spacing-md, 2rem);padding-bottom:var(--global-kb-spacing-sm, 1.5rem);grid-template-columns:repeat(2, minmax(0, 1fr));}.kb-row-layout-id2583_be3dcd-f9 > .kt-row-layout-overlay{opacity:0.30;}@media all and (max-width: 1024px){.kb-row-layout-id2583_be3dcd-f9 > .kt-row-column-wrap{grid-template-columns:repeat(2, minmax(0, 1fr));}}@media all and (max-width: 767px){.kb-row-layout-id2583_be3dcd-f9 > .kt-row-column-wrap{grid-template-columns:minmax(0, 1fr);}.kb-row-layout-id2583_be3dcd-f9 > .kt-row-column-wrap > .wp-block-kadence-column:nth-child(1 of *:not(style)){order:2;}.kb-row-layout-id2583_be3dcd-f9 > .kt-row-column-wrap > .wp-block-kadence-column:nth-child(2 of *:not(style)){order:1;}.kb-row-layout-id2583_be3dcd-f9 > .kt-row-column-wrap > .wp-block-kadence-column:nth-child(3 of *:not(style)){order:12;}.kb-row-layout-id2583_be3dcd-f9 > .kt-row-column-wrap > .wp-block-kadence-column:nth-child(4 of *:not(style)){order:11;}.kb-row-layout-id2583_be3dcd-f9 > .kt-row-column-wrap > .wp-block-kadence-column:nth-child(5 of *:not(style)){order:22;}.kb-row-layout-id2583_be3dcd-f9 > .kt-row-column-wrap > .wp-block-kadence-column:nth-child(6 of *:not(style)){order:21;}.kb-row-layout-id2583_be3dcd-f9 > .kt-row-column-wrap > .wp-block-kadence-column:nth-child(7 of *:not(style)){order:32;}.kb-row-layout-id2583_be3dcd-f9 > .kt-row-column-wrap > .wp-block-kadence-column:nth-child(8 of *:not(style)){order:31;}}<\/style><div class=\"kb-row-layout-wrap kb-row-layout-id2583_be3dcd-f9 alignnone wp-block-kadence-rowlayout\"><div class=\"kt-row-column-wrap kt-has-2-columns kt-row-layout-equal kt-tab-layout-inherit kt-mobile-layout-row kt-row-valign-top\">\n<style>.kadence-column2583_92759c-62 > .kt-inside-inner-col,.kadence-column2583_92759c-62 > .kt-inside-inner-col:before{border-top-left-radius:0px;border-top-right-radius:0px;border-bottom-right-radius:0px;border-bottom-left-radius:0px;}.kadence-column2583_92759c-62 > .kt-inside-inner-col{column-gap:var(--global-kb-gap-sm, 1rem);}.kadence-column2583_92759c-62 > .kt-inside-inner-col{flex-direction:column;}.kadence-column2583_92759c-62 > .kt-inside-inner-col > .aligncenter{width:100%;}.kadence-column2583_92759c-62 > .kt-inside-inner-col:before{opacity:0.3;}.kadence-column2583_92759c-62{position:relative;}@media all and (max-width: 1024px){.kadence-column2583_92759c-62 > .kt-inside-inner-col{flex-direction:column;justify-content:center;}}@media all and (max-width: 767px){.kadence-column2583_92759c-62 > .kt-inside-inner-col{flex-direction:column;justify-content:center;}}<\/style>\n<div class=\"wp-block-kadence-column kadence-column2583_92759c-62\"><div class=\"kt-inside-inner-col\">\n<h3 class=\"wp-block-heading\"><strong>OUR BRAND<\/strong><\/h3>\n\n\n\n<p>\ud83d\udcd6 My little brother, who has been visually impaired since birth, was given a white cane at a very early age. <\/p>\n\n\n\n<p>\u2757However, we soon realised that, without a storage cover, it was difficult for him to know where to put his cane on public transport, at school or when he got home.<br><br>\ud83d\udca1We therefore developed a bag (registered design) with a shoulder strap for storing the folding cane when not in use.<\/p>\n\n\n\n<div class=\"wp-block-buttons is-content-justification-center is-layout-flex wp-container-core-buttons-is-layout-16018d1d wp-block-buttons-is-layout-flex\">\n<div class=\"wp-block-button\"><a class=\"wp-block-button__link wp-element-button\" href=\"https:\/\/basance.com\/en\/lhistoire-de-la-marque\/\">Learn more<\/a><\/div>\n<\/div>\n<\/div><\/div>\n\n\n<style>.kadence-column2583_248aae-2b > .kt-inside-inner-col,.kadence-column2583_248aae-2b > .kt-inside-inner-col:before{border-top-left-radius:0px;border-top-right-radius:0px;border-bottom-right-radius:0px;border-bottom-left-radius:0px;}.kadence-column2583_248aae-2b > .kt-inside-inner-col{column-gap:var(--global-kb-gap-sm, 1rem);}.kadence-column2583_248aae-2b > .kt-inside-inner-col{flex-direction:column;}.kadence-column2583_248aae-2b > .kt-inside-inner-col > .aligncenter{width:100%;}.kadence-column2583_248aae-2b > .kt-inside-inner-col:before{opacity:0.3;}.kadence-column2583_248aae-2b{position:relative;}@media all and (max-width: 1024px){.kadence-column2583_248aae-2b > .kt-inside-inner-col{flex-direction:column;justify-content:center;}}@media all and (max-width: 767px){.kadence-column2583_248aae-2b > .kt-inside-inner-col{flex-direction:column;justify-content:center;}}<\/style>\n<div class=\"wp-block-kadence-column kadence-column2583_248aae-2b\"><div class=\"kt-inside-inner-col\"><div class=\"wp-block-image\">\n<figure class=\"aligncenter size-full is-resized\"><img loading=\"lazy\" decoding=\"async\" width=\"512\" height=\"512\" src=\"https:\/\/basance.com\/wp-content\/uploads\/2024\/10\/cropped-cropped-cropped-B3-2.png\" alt=\"Logo se composant des lettres B S et C noires aux lignes arrondies et positionn\u00e9es en triangle, le S \u00e9tant plac\u00e9 en dessous des lettres B et C. On peut y deviner mes initiales que sont le P et C comme Pauline Caban\u00e8s.\" class=\"wp-image-36\" style=\"width:365px;height:auto\" srcset=\"https:\/\/basance.com\/wp-content\/uploads\/2024\/10\/cropped-cropped-cropped-B3-2.png 512w, https:\/\/basance.com\/wp-content\/uploads\/2024\/10\/cropped-cropped-cropped-B3-2-300x300.png 300w, https:\/\/basance.com\/wp-content\/uploads\/2024\/10\/cropped-cropped-cropped-B3-2-150x150.png 150w, https:\/\/basance.com\/wp-content\/uploads\/2024\/10\/cropped-cropped-cropped-B3-2-270x270.png 270w, https:\/\/basance.com\/wp-content\/uploads\/2024\/10\/cropped-cropped-cropped-B3-2-192x192.png 192w, https:\/\/basance.com\/wp-content\/uploads\/2024\/10\/cropped-cropped-cropped-B3-2-180x180.png 180w, https:\/\/basance.com\/wp-content\/uploads\/2024\/10\/cropped-cropped-cropped-B3-2-32x32.png 32w\" sizes=\"auto, (max-width: 512px) 100vw, 512px\" \/><\/figure>\n<\/div><\/div><\/div>\n\n<\/div><\/div><\/div><\/div>\n\n<\/div><\/div>\n\n<style>.kb-row-layout-id2583_e637a8-f7 > .kt-row-column-wrap{align-content:start;}:where(.kb-row-layout-id2583_e637a8-f7 > .kt-row-column-wrap) > .wp-block-kadence-column{justify-content:start;}.kb-row-layout-id2583_e637a8-f7 > .kt-row-column-wrap{column-gap:var(--global-kb-gap-md, 2rem);row-gap:var(--global-kb-gap-md, 2rem);padding-top:var(--global-kb-spacing-sm, 1.5rem);padding-bottom:var(--global-kb-spacing-sm, 1.5rem);grid-template-columns:minmax(0, 1fr);}.kb-row-layout-id2583_e637a8-f7 > .kt-row-layout-overlay{opacity:0.30;}@media all and (max-width: 1024px){.kb-row-layout-id2583_e637a8-f7 > .kt-row-column-wrap{grid-template-columns:minmax(0, 1fr);}}@media all and (max-width: 767px){.kb-row-layout-id2583_e637a8-f7 > .kt-row-column-wrap{grid-template-columns:minmax(0, 1fr);}}<\/style><div class=\"kb-row-layout-wrap kb-row-layout-id2583_e637a8-f7 alignnone wp-block-kadence-rowlayout\"><div class=\"kt-row-column-wrap kt-has-1-columns kt-row-layout-equal kt-tab-layout-inherit kt-mobile-layout-row kt-row-valign-top\">\n<style>.kadence-column2583_9628f8-c4 > .kt-inside-inner-col,.kadence-column2583_9628f8-c4 > .kt-inside-inner-col:before{border-top-left-radius:0px;border-top-right-radius:0px;border-bottom-right-radius:0px;border-bottom-left-radius:0px;}.kadence-column2583_9628f8-c4 > .kt-inside-inner-col{column-gap:var(--global-kb-gap-sm, 1rem);}.kadence-column2583_9628f8-c4 > .kt-inside-inner-col{flex-direction:column;}.kadence-column2583_9628f8-c4 > .kt-inside-inner-col > .aligncenter{width:100%;}.kadence-column2583_9628f8-c4 > .kt-inside-inner-col:before{opacity:0.3;}.kadence-column2583_9628f8-c4{position:relative;}@media all and (max-width: 1024px){.kadence-column2583_9628f8-c4 > .kt-inside-inner-col{flex-direction:column;justify-content:center;}}@media all and (max-width: 767px){.kadence-column2583_9628f8-c4 > .kt-inside-inner-col{flex-direction:column;justify-content:center;}}<\/style>\n<div class=\"wp-block-kadence-column kadence-column2583_9628f8-c4\"><div class=\"kt-inside-inner-col\"><style>.kb-row-layout-id2583_7e900f-da > .kt-row-column-wrap{align-content:start;}:where(.kb-row-layout-id2583_7e900f-da > .kt-row-column-wrap) > .wp-block-kadence-column{justify-content:start;}.kb-row-layout-id2583_7e900f-da > .kt-row-column-wrap{column-gap:var(--global-kb-gap-md, 2rem);row-gap:var(--global-kb-gap-md, 2rem);padding-top:var(--global-kb-spacing-sm, 1.5rem);padding-bottom:var(--global-kb-spacing-sm, 1.5rem);grid-template-columns:minmax(0, 1fr);}.kb-row-layout-id2583_7e900f-da > .kt-row-layout-overlay{opacity:0.30;}@media all and (max-width: 1024px){.kb-row-layout-id2583_7e900f-da > .kt-row-column-wrap{grid-template-columns:minmax(0, 1fr);}}@media all and (max-width: 767px){.kb-row-layout-id2583_7e900f-da > .kt-row-column-wrap{grid-template-columns:minmax(0, 1fr);}}<\/style><div class=\"kb-row-layout-wrap kb-row-layout-id2583_7e900f-da alignnone wp-block-kadence-rowlayout\"><div class=\"kt-row-column-wrap kt-has-1-columns kt-row-layout-equal kt-tab-layout-inherit kt-mobile-layout-row kt-row-valign-top\">\n<style>.kadence-column2583_37a027-ec > .kt-inside-inner-col,.kadence-column2583_37a027-ec > .kt-inside-inner-col:before{border-top-left-radius:0px;border-top-right-radius:0px;border-bottom-right-radius:0px;border-bottom-left-radius:0px;}.kadence-column2583_37a027-ec > .kt-inside-inner-col{column-gap:var(--global-kb-gap-sm, 1rem);}.kadence-column2583_37a027-ec > .kt-inside-inner-col{flex-direction:column;}.kadence-column2583_37a027-ec > .kt-inside-inner-col > .aligncenter{width:100%;}.kadence-column2583_37a027-ec > .kt-inside-inner-col:before{opacity:0.3;}.kadence-column2583_37a027-ec{position:relative;}@media all and (max-width: 1024px){.kadence-column2583_37a027-ec > .kt-inside-inner-col{flex-direction:column;justify-content:center;}}@media all and (max-width: 767px){.kadence-column2583_37a027-ec > .kt-inside-inner-col{flex-direction:column;justify-content:center;}}<\/style>\n<div class=\"wp-block-kadence-column kadence-column2583_37a027-ec\"><div class=\"kt-inside-inner-col\">\n<h3 class=\"wp-block-heading\">Products designed to improve the independence and comfort of visually impaired people.<\/h3>\n\n\n\n<ul class=\"wp-block-list\">\n<li>\ud83d\udee0\ufe0f <strong>Practical and easy to use<\/strong> : Fits all canes, for quick and easy access to your personal items.<\/li>\n\n\n\n<li>\ud83d\udcaa <strong>Durability and strength<\/strong> : Made from high-quality materials, for a bag that will last.<\/li>\n\n\n\n<li>\ud83d\udce6 <strong>Espaces de rangement optimis\u00e9s<\/strong> : Compacte mais ing\u00e9nieuse avec ses trois poches, pour transporter l\u2019essentiel sans encombrer.<\/li>\n\n\n\n<li>\ud83e\uddfc <strong>Easy to clean<\/strong> : Con\u00e7ue pour que la poche d\u00e9di\u00e9e soit nettoy\u00e9e rapidement et facilement.<\/li>\n\n\n\n<li>\ud83c\uddeb\ud83c\uddf7 <strong>Made in France<\/strong> : A 100% French product, combining craftsmanship and quality.<\/li>\n\n\n\n<li>\u2728 <strong>Stylish and functional design<\/strong> A practical product, carefully designed to combine style and utility.<\/li>\n\n\n\n<li>\ud83d\udc53 <strong>Designed for the visually impaired<\/strong> : A product specifically designed to meet the needs of visually impaired people.<\/li>\n<\/ul>\n<\/div><\/div>\n\n<\/div><\/div><\/div><\/div>\n\n<\/div><\/div>\n\n<style>.kb-row-layout-id2583_09afed-c9 > .kt-row-column-wrap{align-content:start;}:where(.kb-row-layout-id2583_09afed-c9 > .kt-row-column-wrap) > .wp-block-kadence-column{justify-content:start;}.kb-row-layout-id2583_09afed-c9 > .kt-row-column-wrap{column-gap:var(--global-kb-gap-md, 2rem);row-gap:var(--global-kb-gap-md, 2rem);padding-top:var(--global-kb-spacing-sm, 1.5rem);padding-bottom:var(--global-kb-spacing-sm, 1.5rem);grid-template-columns:minmax(0, 1fr);}.kb-row-layout-id2583_09afed-c9 > .kt-row-layout-overlay{opacity:0.30;}@media all and (max-width: 1024px){.kb-row-layout-id2583_09afed-c9 > .kt-row-column-wrap{grid-template-columns:minmax(0, 1fr);}}@media all and (max-width: 767px){.kb-row-layout-id2583_09afed-c9 > .kt-row-column-wrap{grid-template-columns:minmax(0, 1fr);}}<\/style><div class=\"kb-row-layout-wrap kb-row-layout-id2583_09afed-c9 alignnone wp-block-kadence-rowlayout\"><div class=\"kt-row-column-wrap kt-has-1-columns kt-row-layout-equal kt-tab-layout-inherit kt-mobile-layout-row kt-row-valign-top\">\n<style>.kadence-column2583_7474da-70 > .kt-inside-inner-col,.kadence-column2583_7474da-70 > .kt-inside-inner-col:before{border-top-left-radius:0px;border-top-right-radius:0px;border-bottom-right-radius:0px;border-bottom-left-radius:0px;}.kadence-column2583_7474da-70 > .kt-inside-inner-col{column-gap:var(--global-kb-gap-sm, 1rem);}.kadence-column2583_7474da-70 > .kt-inside-inner-col{flex-direction:column;}.kadence-column2583_7474da-70 > .kt-inside-inner-col > .aligncenter{width:100%;}.kadence-column2583_7474da-70 > .kt-inside-inner-col:before{opacity:0.3;}.kadence-column2583_7474da-70{position:relative;}@media all and (max-width: 1024px){.kadence-column2583_7474da-70 > .kt-inside-inner-col{flex-direction:column;justify-content:center;}}@media all and (max-width: 767px){.kadence-column2583_7474da-70 > .kt-inside-inner-col{flex-direction:column;justify-content:center;}}<\/style>\n<div class=\"wp-block-kadence-column kadence-column2583_7474da-70\"><div class=\"kt-inside-inner-col\"><\/div><\/div>\n\n<\/div><\/div>\n\n\n<p><\/p>","protected":false},"excerpt":{"rendered":"<p>NOTRE MARQUE \ud83d\udcd6 Mon petit fr\u00e8re, \u00e9tant d\u00e9ficient visuel de naissance, a eu tr\u00e8s t\u00f4t une canne blanche. \u2757Cependant, nous nous sommes vite aper\u00e7us que, n\u2019ayant pas de housse de rangement, il \u00e9tait difficile pour lui de savoir o\u00f9 poser sa canne dans les transports, \u00e0 l&rsquo;\u00e9cole ou quand il arrivait \u00e0 la maison. \ud83d\udca1Nous&#8230;<\/p>","protected":false},"author":1,"featured_media":0,"parent":0,"menu_order":0,"comment_status":"closed","ping_status":"closed","template":"","meta":{"_kadence_starter_templates_imported_post":false,"_kad_post_transparent":"","_kad_post_title":"hide","_kad_post_layout":"","_kad_post_sidebar_id":"","_kad_post_content_style":"unboxed","_kad_post_vertical_padding":"bottom","_kad_post_feature":"","_kad_post_feature_position":"","_kad_post_header":false,"_kad_post_footer":false,"_kad_post_classname":"","footnotes":""},"class_list":["post-2583","page","type-page","status-publish","hentry"],"_links":{"self":[{"href":"https:\/\/basance.com\/en\/wp-json\/wp\/v2\/pages\/2583","targetHints":{"allow":["GET"]}}],"collection":[{"href":"https:\/\/basance.com\/en\/wp-json\/wp\/v2\/pages"}],"about":[{"href":"https:\/\/basance.com\/en\/wp-json\/wp\/v2\/types\/page"}],"author":[{"embeddable":true,"href":"https:\/\/basance.com\/en\/wp-json\/wp\/v2\/users\/1"}],"replies":[{"embeddable":true,"href":"https:\/\/basance.com\/en\/wp-json\/wp\/v2\/comments?post=2583"}],"version-history":[{"count":13,"href":"https:\/\/basance.com\/en\/wp-json\/wp\/v2\/pages\/2583\/revisions"}],"predecessor-version":[{"id":3653,"href":"https:\/\/basance.com\/en\/wp-json\/wp\/v2\/pages\/2583\/revisions\/3653"}],"wp:attachment":[{"href":"https:\/\/basance.com\/en\/wp-json\/wp\/v2\/media?parent=2583"}],"curies":[{"name":"wp","href":"https:\/\/api.w.org\/{rel}","templated":true}]}}