{"id":22,"date":"2024-10-19T19:04:08","date_gmt":"2024-10-19T17:04:08","guid":{"rendered":"https:\/\/basance.com\/?page_id=22"},"modified":"2025-05-20T14:25:46","modified_gmt":"2025-05-20T12:25:46","slug":"sacoches","status":"publish","type":"page","link":"https:\/\/basance.com\/en\/sacoches\/","title":{"rendered":"Cane bags"},"content":{"rendered":"\n<div data-block-name=\"woocommerce\/single-product\" data-product-id=\"1505\" data-wp-context=\"{&quot;productId&quot;:1505,&quot;variationId&quot;:null}\" data-wp-interactive=\"woocommerce\/single-product\" class=\"wp-block-woocommerce-single-product woocommerce\">\n<div class=\"wp-block-columns is-layout-flex wp-container-core-columns-is-layout-9d6595d7 wp-block-columns-is-layout-flex\">\n<div class=\"wp-block-column is-layout-flow wp-block-column-is-layout-flow\"><div data-block-name=\"woocommerce\/product-image\" data-is-descendent-of-single-product-block=\"true\" data-show-sale-badge=\"false\" class=\"wc-block-components-product-image wc-block-grid__product-image wc-block-components-product-image--aspect-ratio-auto wp-block-woocommerce-product-image\"><a href=\"https:\/\/basance.com\/en\/product\/sacoche-personnalisable-ideale-pour-canne-pliante\/\" style=\"\" data-wp-on--click=\"woocommerce\/product-collection::actions.viewProduct\"><img decoding=\"async\" width=\"600\" height=\"750\" src=\"https:\/\/basance.com\/wp-content\/uploads\/2024\/11\/Image-de-presentation-avec-plusieurs-sacoches-ouvertes-600x750.png\" class=\"attachment-woocommerce_single size-woocommerce_single\" alt=\"3 sacoches en simili cuir noir ouvertes avec exemples diff\u00e9rents de motifs de doublure (multicolore, rouge et bleu).\" data-testid=\"product-image\" data-image-id=\"3274\" style=\"object-fit:cover;\" loading=\"lazy\" srcset=\"https:\/\/basance.com\/wp-content\/uploads\/2024\/11\/Image-de-presentation-avec-plusieurs-sacoches-ouvertes-600x750.png 600w, https:\/\/basance.com\/wp-content\/uploads\/2024\/11\/Image-de-presentation-avec-plusieurs-sacoches-ouvertes-240x300.png 240w, https:\/\/basance.com\/wp-content\/uploads\/2024\/11\/Image-de-presentation-avec-plusieurs-sacoches-ouvertes-819x1024.png 819w, https:\/\/basance.com\/wp-content\/uploads\/2024\/11\/Image-de-presentation-avec-plusieurs-sacoches-ouvertes-768x960.png 768w, https:\/\/basance.com\/wp-content\/uploads\/2024\/11\/Image-de-presentation-avec-plusieurs-sacoches-ouvertes-10x12.png 10w, https:\/\/basance.com\/wp-content\/uploads\/2024\/11\/Image-de-presentation-avec-plusieurs-sacoches-ouvertes-300x375.png 300w, https:\/\/basance.com\/wp-content\/uploads\/2024\/11\/Image-de-presentation-avec-plusieurs-sacoches-ouvertes.png 1080w\" sizes=\"auto, (max-width: 600px) 100vw, 600px\" \/><div class=\"wc-block-components-product-image__inner-container\"><\/div><\/a><\/div><\/div>\n\n\n\n<div class=\"wp-block-column is-layout-flow wp-block-column-is-layout-flow\"><h2 class=\"wp-block-post-title\"><a href=\"https:\/\/basance.com\/en\/product\/sacoche-personnalisable-ideale-pour-canne-pliante\/\" target=\"_self\" >La Sacoche \u00ab\u00a0Citadine\u00a0\u00bb en Simili-Cuir<\/a><\/h2>\n\n\n\n<div data-block-name=\"woocommerce\/product-price\" data-is-descendent-of-single-product-block=\"true\" class=\"wp-block-woocommerce-product-price\" ><div class=\"wc-block-components-product-price wc-block-grid__product-price\" >\n\t\t\t\t\t<span class=\"woocommerce-Price-amount amount\"><bdi>95,00&nbsp;<span class=\"woocommerce-Price-currencySymbol\">&euro;<\/span><\/bdi><\/span>\n\t\t\t\t<\/div><\/div>\n\n<div data-block-name=\"woocommerce\/product-summary\" data-is-descendent-of-single-product-block=\"true\" class=\"wp-block-woocommerce-product-summary\"><div class=\"wc-block-components-product-summary \" style=\"\">\n\t\t\t\t<h3 data-path-to-node=\"5\"><b data-path-to-node=\"5\" data-index-in-node=\"0\">\u00ab\u00a0L&rsquo;\u00e9l\u00e9gance sobre, la praticit\u00e9 au quotidien.\u00a0\u00bb<\/b><\/h3>\n<p data-path-to-node=\"6\">Une sacoche au design \u00e9pur\u00e9 qui s&rsquo;adapte \u00e0 vos tenues les plus soign\u00e9es. C\u2019est l\u2019alli\u00e9e id\u00e9ale pour vos rendez-vous professionnels ou vos sorties en ville, alliant un aspect cuir \u00e0 une r\u00e9sistance quotidienne.<\/p>\n\n\t\t\t<\/div><\/div>\n\n<div data-block-name=\"woocommerce\/add-to-cart-form\" class=\"wp-block-add-to-cart-form wc-block-add-to-cart-form wc-block-add-to-cart-form--input wp-block-woocommerce-add-to-cart-form\" >\n<form class=\"variations_form cart\" action=\"https:\/\/basance.com\/en\/product\/sacoche-personnalisable-ideale-pour-canne-pliante\/\" method=\"post\" enctype='multipart\/form-data' data-product_id=\"1505\" data-product_variations=\"false\">\n\t<div data-product_id=\"1505\" data-threshold_min=\"30\" data-threshold_max=\"100\" data-total=\"360\">\n\t\t\t<table class=\"variations\" cellspacing=\"0\" role=\"presentation\">\n\t\t\t<tbody>\n\t\t\t\t\t\t\t\t\t<tr>\n\t\t\t\t\t\t<th class=\"label\"><label for=\"pa_ext\">Couleur ext\u00e9rieur<\/label><\/th>\n\t\t\t\t\t\t<td class=\"value\">\n\t\t\t\t\t\t\t<select style=\"display:none\" id=\"pa_ext\" class=\" woo-variation-raw-select\" name=\"attribute_pa_ext\" data-attribute_name=\"attribute_pa_ext\" data-show_option_none=\"yes\"><option value=\"\">Choose an option<\/option><option value=\"bleu-jean\" >Bleu jean<\/option><option value=\"bleu-marine\" >Bleu marine<\/option><option value=\"camel\" >Camel<\/option><option value=\"vieux-rose\" >Vieux rose<\/option><\/select><ul role=\"radiogroup\" aria-label=\"Couleur ext\u00e9rieur\" class=\"variable-items-wrapper image-variable-items-wrapper wvs-style-rounded\" data-attribute_name=\"attribute_pa_ext\" data-attribute_values=\"[&quot;bleu-jean&quot;,&quot;bleu-marine&quot;,&quot;camel&quot;,&quot;noir&quot;,&quot;vieux-rose&quot;]\"><li aria-checked=\"false\" tabindex=\"0\" data-attribute_name=\"attribute_pa_ext\" data-wvstooltip=\"Bleu jean\" class=\"variable-item image-variable-item image-variable-item-bleu-jean \" title=\"Bleu jean\" data-title=\"Bleu jean\" data-value=\"bleu-jean\" role=\"radio\" tabindex=\"0\"><div class=\"variable-item-contents\"><img class=\"variable-item-image\"  loading=\"lazy\" decoding=\"async\" aria-hidden=\"true\" alt=\"Bleu jean\" src=\"https:\/\/basance.com\/wp-content\/uploads\/2024\/11\/IMG_20250520_140616-compressed-50x50.jpg\" width=\"50\" height=\"50\" \/><\/div><\/li><li aria-checked=\"false\" tabindex=\"0\" data-attribute_name=\"attribute_pa_ext\" data-wvstooltip=\"Bleu marine\" class=\"variable-item image-variable-item image-variable-item-bleu-marine \" title=\"Bleu marine\" data-title=\"Bleu marine\" data-value=\"bleu-marine\" role=\"radio\" tabindex=\"0\"><div class=\"variable-item-contents\"><img class=\"variable-item-image\"  loading=\"lazy\" decoding=\"async\" aria-hidden=\"true\" alt=\"Bleu marine\" src=\"https:\/\/basance.com\/wp-content\/uploads\/2026\/04\/Coloris-exterieur-bleu-marine-50x50.jpg\" width=\"50\" height=\"50\" \/><\/div><\/li><li aria-checked=\"false\" tabindex=\"0\" data-attribute_name=\"attribute_pa_ext\" data-wvstooltip=\"Camel\" class=\"variable-item image-variable-item image-variable-item-camel \" title=\"Camel\" data-title=\"Camel\" data-value=\"camel\" role=\"radio\" tabindex=\"0\"><div class=\"variable-item-contents\"><img class=\"variable-item-image\"  loading=\"lazy\" decoding=\"async\" aria-hidden=\"true\" alt=\"Camel\" src=\"https:\/\/basance.com\/wp-content\/uploads\/2026\/04\/Coloris-exterieur-camel-50x50.jpg\" width=\"50\" height=\"50\" \/><\/div><\/li><li aria-checked=\"false\" tabindex=\"0\" data-attribute_name=\"attribute_pa_ext\" data-wvstooltip=\"Vieux rose\" class=\"variable-item image-variable-item image-variable-item-vieux-rose \" title=\"Vieux rose\" data-title=\"Vieux rose\" data-value=\"vieux-rose\" role=\"radio\" tabindex=\"0\"><div class=\"variable-item-contents\"><img class=\"variable-item-image\"  loading=\"lazy\" decoding=\"async\" aria-hidden=\"true\" alt=\"Vieux rose\" src=\"https:\/\/basance.com\/wp-content\/uploads\/2024\/11\/Simili-rose-compressed-50x50.jpg\" width=\"50\" height=\"50\" \/><\/div><\/li><\/ul>\t\t\t\t\t\t<\/td>\n\t\t\t\t\t<\/tr>\n\t\t\t\t\t\t\t\t\t<tr>\n\t\t\t\t\t\t<th class=\"label\"><label for=\"pa_dbl\">Motif doublure<\/label><\/th>\n\t\t\t\t\t\t<td class=\"value\">\n\t\t\t\t\t\t\t<select style=\"display:none\" id=\"pa_dbl\" class=\" woo-variation-raw-select\" name=\"attribute_pa_dbl\" data-attribute_name=\"attribute_pa_dbl\" data-show_option_none=\"yes\"><option value=\"\">Choose an option<\/option><option value=\"carreaux-faience-bleus\" >Carreaux fa\u00efence bleus<\/option><option value=\"evantails-bleus-rouges-noirs-jaunes\" >Eventails bleus\/rouges\/noirs\/jaunes<\/option><option value=\"fleurs-de-cerisier-fond-rouge-fonce\" >Fleurs de cerisier fond rouge fonc\u00e9<\/option><option value=\"fleurs-vintage-fond-bleu\" >Fleurs vintage fond bleu<\/option><\/select><ul role=\"radiogroup\" aria-label=\"Motif doublure\" class=\"variable-items-wrapper image-variable-items-wrapper wvs-style-rounded\" data-attribute_name=\"attribute_pa_dbl\" data-attribute_values=\"[&quot;carreaux-faience-bleus&quot;,&quot;evantails-bleus-rouges-noirs-jaunes&quot;,&quot;fleurs-de-cerisier-fond-rouge-fonce&quot;,&quot;fleurs-vintage-fond-bleu&quot;]\"><li aria-checked=\"false\" tabindex=\"0\" data-attribute_name=\"attribute_pa_dbl\" data-wvstooltip=\"Carreaux fa\u00efence bleus\" class=\"variable-item image-variable-item image-variable-item-carreaux-faience-bleus \" title=\"Carreaux fa\u00efence bleus\" data-title=\"Carreaux fa\u00efence bleus\" data-value=\"carreaux-faience-bleus\" role=\"radio\" tabindex=\"0\"><div class=\"variable-item-contents\"><img class=\"variable-item-image\"  loading=\"lazy\" decoding=\"async\" aria-hidden=\"true\" alt=\"Carreaux fa\u00efence bleus\" src=\"https:\/\/basance.com\/wp-content\/uploads\/2026\/01\/Carreaux-faience-bleus-compressed-50x50.jpg\" width=\"50\" height=\"50\" \/><\/div><\/li><li aria-checked=\"false\" tabindex=\"0\" data-attribute_name=\"attribute_pa_dbl\" data-wvstooltip=\"Eventails bleus\/rouges\/noirs\/jaunes\" class=\"variable-item image-variable-item image-variable-item-evantails-bleus-rouges-noirs-jaunes \" title=\"Eventails bleus\/rouges\/noirs\/jaunes\" data-title=\"Eventails bleus\/rouges\/noirs\/jaunes\" data-value=\"evantails-bleus-rouges-noirs-jaunes\" role=\"radio\" tabindex=\"0\"><div class=\"variable-item-contents\"><img class=\"variable-item-image\"  loading=\"lazy\" decoding=\"async\" aria-hidden=\"true\" alt=\"Eventails bleus\/rouges\/noirs\/jaunes\" src=\"https:\/\/basance.com\/wp-content\/uploads\/2026\/01\/evantails-rouge-bleu-noir-jaune-compressed-50x50.jpg\" width=\"50\" height=\"50\" \/><\/div><\/li><li aria-checked=\"false\" tabindex=\"0\" data-attribute_name=\"attribute_pa_dbl\" data-wvstooltip=\"Fleurs de cerisier fond rouge fonc\u00e9\" class=\"variable-item image-variable-item image-variable-item-fleurs-de-cerisier-fond-rouge-fonce \" title=\"Fleurs de cerisier fond rouge fonc\u00e9\" data-title=\"Fleurs de cerisier fond rouge fonc\u00e9\" data-value=\"fleurs-de-cerisier-fond-rouge-fonce\" role=\"radio\" tabindex=\"0\"><div class=\"variable-item-contents\"><img class=\"variable-item-image\"  loading=\"lazy\" decoding=\"async\" aria-hidden=\"true\" alt=\"Fleurs de cerisier fond rouge fonc\u00e9\" src=\"https:\/\/basance.com\/wp-content\/uploads\/2024\/11\/Sakura-bordeaux-compressed-50x50.jpg\" width=\"50\" height=\"50\" \/><\/div><\/li><li aria-checked=\"false\" tabindex=\"0\" data-attribute_name=\"attribute_pa_dbl\" data-wvstooltip=\"Fleurs vintage fond bleu\" class=\"variable-item image-variable-item image-variable-item-fleurs-vintage-fond-bleu \" title=\"Fleurs vintage fond bleu\" data-title=\"Fleurs vintage fond bleu\" data-value=\"fleurs-vintage-fond-bleu\" role=\"radio\" tabindex=\"0\"><div class=\"variable-item-contents\"><img class=\"variable-item-image\"  loading=\"lazy\" decoding=\"async\" aria-hidden=\"true\" alt=\"Fleurs vintage fond bleu\" src=\"https:\/\/basance.com\/wp-content\/uploads\/2026\/01\/Fleurs-vintage-fond-bleu-compressed-50x50.jpg\" width=\"50\" height=\"50\" \/><\/div><\/li><\/ul>\t\t\t\t\t\t<\/td>\n\t\t\t\t\t<\/tr>\n\t\t\t\t\t\t\t\t\t<tr>\n\t\t\t\t\t\t<th class=\"label\"><label for=\"pa_pieces-met\">Couleur pi\u00e8ces m\u00e9talliques<\/label><\/th>\n\t\t\t\t\t\t<td class=\"value\">\n\t\t\t\t\t\t\t<select style=\"display:none\" id=\"pa_pieces-met\" class=\" woo-variation-raw-select\" name=\"attribute_pa_pieces-met\" data-attribute_name=\"attribute_pa_pieces-met\" data-show_option_none=\"yes\"><option value=\"\">Choose an option<\/option><option value=\"argente\" >Argent\u00e9<\/option><option value=\"dore\" >Dor\u00e9<\/option><option value=\"noir-metallise\" >Noir m\u00e9tallis\u00e9<\/option><\/select><ul role=\"radiogroup\" aria-label=\"Couleur pi\u00e8ces m\u00e9talliques\" class=\"variable-items-wrapper image-variable-items-wrapper wvs-style-rounded\" data-attribute_name=\"attribute_pa_pieces-met\" data-attribute_values=\"[&quot;argente&quot;,&quot;dore&quot;,&quot;noir-metallise&quot;]\"><li aria-checked=\"false\" tabindex=\"0\" data-attribute_name=\"attribute_pa_pieces-met\" data-wvstooltip=\"Argent\u00e9\" class=\"variable-item image-variable-item image-variable-item-argente \" title=\"Argent\u00e9\" data-title=\"Argent\u00e9\" data-value=\"argente\" role=\"radio\" tabindex=\"0\"><div class=\"variable-item-contents\"><img class=\"variable-item-image\"  loading=\"lazy\" decoding=\"async\" aria-hidden=\"true\" alt=\"Argent\u00e9\" src=\"https:\/\/basance.com\/wp-content\/uploads\/2024\/11\/Pieces-metalliques-argentees-compressed-e1732280297906.jpg\" width=\"50\" height=\"43\" \/><\/div><\/li><li aria-checked=\"false\" tabindex=\"0\" data-attribute_name=\"attribute_pa_pieces-met\" data-wvstooltip=\"Dor\u00e9\" class=\"variable-item image-variable-item image-variable-item-dore \" title=\"Dor\u00e9\" data-title=\"Dor\u00e9\" data-value=\"dore\" role=\"radio\" tabindex=\"0\"><div class=\"variable-item-contents\"><img class=\"variable-item-image\"  loading=\"lazy\" decoding=\"async\" aria-hidden=\"true\" alt=\"Dor\u00e9\" src=\"https:\/\/basance.com\/wp-content\/uploads\/2024\/11\/Pieces-metalliques-dorees-compressed-50x50.jpg\" width=\"50\" height=\"50\" \/><\/div><\/li><li aria-checked=\"false\" tabindex=\"0\" data-attribute_name=\"attribute_pa_pieces-met\" data-wvstooltip=\"Noir m\u00e9tallis\u00e9\" class=\"variable-item image-variable-item image-variable-item-noir-metallise \" title=\"Noir m\u00e9tallis\u00e9\" data-title=\"Noir m\u00e9tallis\u00e9\" data-value=\"noir-metallise\" role=\"radio\" tabindex=\"0\"><div class=\"variable-item-contents\"><img class=\"variable-item-image\"  loading=\"lazy\" decoding=\"async\" aria-hidden=\"true\" alt=\"Noir m\u00e9tallis\u00e9\" src=\"https:\/\/basance.com\/wp-content\/uploads\/2024\/11\/Pieces-metalliques-noires-compressed-50x50.jpg\" width=\"50\" height=\"50\" \/><\/div><\/li><\/ul>\t\t\t\t\t\t<\/td>\n\t\t\t\t\t<\/tr>\n\t\t\t\t\t\t\t\t\t<tr>\n\t\t\t\t\t\t<th class=\"label\"><label for=\"pa_sangle\">Couleur sangle<\/label><\/th>\n\t\t\t\t\t\t<td class=\"value\">\n\t\t\t\t\t\t\t<select style=\"display:none\" id=\"pa_sangle\" class=\" woo-variation-raw-select\" name=\"attribute_pa_sangle\" data-attribute_name=\"attribute_pa_sangle\" data-show_option_none=\"yes\"><option value=\"\">Choose an option<\/option><option value=\"bleu-marine\" >Bleu marine<\/option><option value=\"ecru\" >Ecru<\/option><option value=\"noir\" >Noir<\/option><\/select><ul role=\"radiogroup\" aria-label=\"Couleur sangle\" class=\"variable-items-wrapper image-variable-items-wrapper wvs-style-rounded\" data-attribute_name=\"attribute_pa_sangle\" data-attribute_values=\"[&quot;bleu-marine&quot;,&quot;ecru&quot;,&quot;noir&quot;]\"><li aria-checked=\"false\" tabindex=\"0\" data-attribute_name=\"attribute_pa_sangle\" data-wvstooltip=\"Bleu marine\" class=\"variable-item image-variable-item image-variable-item-bleu-marine \" title=\"Bleu marine\" data-title=\"Bleu marine\" data-value=\"bleu-marine\" role=\"radio\" tabindex=\"0\"><div class=\"variable-item-contents\"><img class=\"variable-item-image\"  loading=\"lazy\" decoding=\"async\" aria-hidden=\"true\" alt=\"Bleu marine\" src=\"https:\/\/basance.com\/wp-content\/uploads\/2024\/11\/sangle-polyester-aspect-coton-30-mm-bleu-marine-rouleau-de-20-metres-50x50.webp\" width=\"50\" height=\"50\" \/><\/div><\/li><li aria-checked=\"false\" tabindex=\"0\" data-attribute_name=\"attribute_pa_sangle\" data-wvstooltip=\"Ecru\" class=\"variable-item image-variable-item image-variable-item-ecru \" title=\"Ecru\" data-title=\"Ecru\" data-value=\"ecru\" role=\"radio\" tabindex=\"0\"><div class=\"variable-item-contents\"><img class=\"variable-item-image\"  loading=\"lazy\" decoding=\"async\" aria-hidden=\"true\" alt=\"Ecru\" src=\"https:\/\/basance.com\/wp-content\/uploads\/2024\/11\/sangle-polyester-aspect-coton-ecru-50x50.webp\" width=\"50\" height=\"50\" \/><\/div><\/li><li aria-checked=\"false\" tabindex=\"0\" data-attribute_name=\"attribute_pa_sangle\" data-wvstooltip=\"Noir\" class=\"variable-item image-variable-item image-variable-item-noir \" title=\"Noir\" data-title=\"Noir\" data-value=\"noir\" role=\"radio\" tabindex=\"0\"><div class=\"variable-item-contents\"><img class=\"variable-item-image\"  loading=\"lazy\" decoding=\"async\" aria-hidden=\"true\" alt=\"Noir\" src=\"https:\/\/basance.com\/wp-content\/uploads\/2024\/11\/sangle-polyester-aspect-coton-35-mm-noir-rouleau-de-20-metres-50x50.webp\" width=\"50\" height=\"50\" \/><\/div><\/li><\/ul>\t\t\t\t\t\t<\/td>\n\t\t\t\t\t<\/tr>\n\t\t\t\t\t\t\t\t\t<tr>\n\t\t\t\t\t\t<th class=\"label\"><label for=\"pa_porte-cle\">Option porte-cl\u00e9<\/label><\/th>\n\t\t\t\t\t\t<td class=\"value\">\n\t\t\t\t\t\t\t<select style=\"display:none\" id=\"pa_porte-cle\" class=\" woo-variation-raw-select\" name=\"attribute_pa_porte-cle\" data-attribute_name=\"attribute_pa_porte-cle\" data-show_option_none=\"yes\"><option value=\"\">Choose an option<\/option><option value=\"non\" >Non<\/option><option value=\"oui\" >Oui<\/option><\/select><ul role=\"radiogroup\" aria-label=\"Option porte-cl\u00e9\" class=\"variable-items-wrapper color-variable-items-wrapper wvs-style-rounded\" data-attribute_name=\"attribute_pa_porte-cle\" data-attribute_values=\"[&quot;non&quot;,&quot;oui&quot;]\"><li aria-checked=\"false\" tabindex=\"0\" data-attribute_name=\"attribute_pa_porte-cle\" data-wvstooltip=\"Non\" class=\"variable-item color-variable-item color-variable-item-non \" title=\"Non\" data-title=\"Non\" data-value=\"non\" role=\"radio\" tabindex=\"0\"><div class=\"variable-item-contents\"><span class=\"variable-item-span variable-item-span-color\" style=\"background-color:#dd3333;\"><\/span><\/div><\/li><li aria-checked=\"false\" tabindex=\"0\" data-attribute_name=\"attribute_pa_porte-cle\" data-wvstooltip=\"Oui\" class=\"variable-item color-variable-item color-variable-item-oui \" title=\"Oui\" data-title=\"Oui\" data-value=\"oui\" role=\"radio\" tabindex=\"0\"><div class=\"variable-item-contents\"><span class=\"variable-item-span variable-item-span-color\" style=\"background-color:#81d742;\"><\/span><\/div><\/li><\/ul><a class=\"reset_variations\" href=\"#\" aria-label=\"Clear options\">Clear<\/a>\t\t\t\t\t\t<\/td>\n\t\t\t\t\t<\/tr>\n\t\t\t\t\t\t\t<\/tbody>\n\t\t<\/table>\n\t\t<div class=\"reset_variations_alert screen-reader-text\" role=\"alert\" aria-live=\"polite\" aria-relevant=\"all\"><\/div>\n\t\t\n\t\t<div class=\"single_variation_wrap\">\n\t\t\t<div class=\"woocommerce-variation single_variation\" role=\"alert\" aria-relevant=\"additions\"><\/div><div class=\"woocommerce-variation-add-to-cart variations_button\">\n\t\n\t<div class=\"quantity\">\n\t\t<label class=\"screen-reader-text\" for=\"quantity_69fb7814b4ecf\">La Sacoche &quot;Citadine&quot; en Simili-Cuir quantity<\/label>\n\t<input\n\t\ttype=\"number\"\n\t\t\t\tid=\"quantity_69fb7814b4ecf\"\n\t\tclass=\"input-text qty text\"\n\t\tname=\"quantity\"\n\t\tvalue=\"1\"\n\t\taria-label=\"Product quantity\"\n\t\t\t\tmin=\"1\"\n\t\t\t\t\t\t\tstep=\"1\"\n\t\t\tplaceholder=\"\"\n\t\t\tinputmode=\"numeric\"\n\t\t\tautocomplete=\"off\"\n\t\t\t\/>\n\t<\/div>\n\n\t<button type=\"submit\" class=\"single_add_to_cart_button button alt\">Add to basket<\/button>\n\n\t<wc-order-attribution-inputs><\/wc-order-attribution-inputs><div class=\"wc-ppcp-product-payments__container bottom\">\n    <ul class=\"wc-ppcp-product-payment__methods\">\n\t\t            <li class=\"wc-ppcp-product-payment-method payment_method_ppcp\">\n\t\t\t\t<input type=\"hidden\" class=\"wc-ppcp-payment-method-data\" data-payment-method-data=\"[]\"\/><input type=\"hidden\" id=\"ppcp_paypal_order_id\" name=\"ppcp_paypal_order_id\"\/><div id=\"wc-ppcp-product-button-container\" class=\"wc-ppcp-product-button-container\"><\/div>            <\/li>\n\t\t    <\/ul>\n<\/div>\n\n\t<input type=\"hidden\" name=\"add-to-cart\" value=\"1505\" \/>\n\t<input type=\"hidden\" name=\"product_id\" value=\"1505\" \/>\n\t<input type=\"hidden\" name=\"variation_id\" class=\"variation_id\" value=\"0\" \/>\n<\/div>\n\t\t<\/div>\n\t\n\t<\/div><\/form>\n\n<\/div>\n\n\n<div data-block-name=\"woocommerce\/product-meta\" class=\"wp-block-woocommerce-product-meta\">\n<div class=\"wp-block-group is-nowrap is-layout-flex wp-container-core-group-is-layout-ad2f72ca wp-block-group-is-layout-flex\">\n\n<div class=\"taxonomy-product_cat wp-block-post-terms\"><span class=\"wp-block-post-terms__prefix\">Cat\u00e9gorie\u00a0: <\/span><a href=\"https:\/\/basance.com\/en\/product-category\/sacoches-a-canne\/\" rel=\"tag\">Sacoches \u00e0 canne<\/a><\/div>\n\n<div class=\"taxonomy-product_tag wp-block-post-terms\"><span class=\"wp-block-post-terms__prefix\">\u00c9tiquettes\u00a0:<\/span><a href=\"https:\/\/basance.com\/en\/product-tag\/personnalisable\/\" rel=\"tag\">Personnalisable<\/a><\/div><\/div>\n<\/div>\n<\/div>\n<\/div>\n<\/div>\n","protected":false},"excerpt":{"rendered":"","protected":false},"author":1,"featured_media":0,"parent":0,"menu_order":0,"comment_status":"closed","ping_status":"closed","template":"","meta":{"_kadence_starter_templates_imported_post":false,"_kad_post_transparent":"","_kad_post_title":"","_kad_post_layout":"","_kad_post_sidebar_id":"","_kad_post_content_style":"","_kad_post_vertical_padding":"","_kad_post_feature":"","_kad_post_feature_position":"","_kad_post_header":false,"_kad_post_footer":false,"_kad_post_classname":"","footnotes":""},"class_list":["post-22","page","type-page","status-publish","hentry"],"_links":{"self":[{"href":"https:\/\/basance.com\/en\/wp-json\/wp\/v2\/pages\/22","targetHints":{"allow":["GET"]}}],"collection":[{"href":"https:\/\/basance.com\/en\/wp-json\/wp\/v2\/pages"}],"about":[{"href":"https:\/\/basance.com\/en\/wp-json\/wp\/v2\/types\/page"}],"author":[{"embeddable":true,"href":"https:\/\/basance.com\/en\/wp-json\/wp\/v2\/users\/1"}],"replies":[{"embeddable":true,"href":"https:\/\/basance.com\/en\/wp-json\/wp\/v2\/comments?post=22"}],"version-history":[{"count":2,"href":"https:\/\/basance.com\/en\/wp-json\/wp\/v2\/pages\/22\/revisions"}],"predecessor-version":[{"id":3227,"href":"https:\/\/basance.com\/en\/wp-json\/wp\/v2\/pages\/22\/revisions\/3227"}],"wp:attachment":[{"href":"https:\/\/basance.com\/en\/wp-json\/wp\/v2\/media?parent=22"}],"curies":[{"name":"wp","href":"https:\/\/api.w.org\/{rel}","templated":true}]}}